


{"id":2661,"date":"2017-05-11T19:36:25","date_gmt":"2017-05-11T17:36:25","guid":{"rendered":"http:\/\/www.trilogis.it\/?page_id=2661"},"modified":"2025-01-16T11:39:14","modified_gmt":"2025-01-16T10:39:14","slug":"note-legali","status":"publish","type":"page","link":"https:\/\/www.trilogis.it\/?page_id=2661","title":{"rendered":"Note legali"},"content":{"rendered":"<p>[et_pb_section fb_built=&#8221;1&#8243; _builder_version=&#8221;4.16&#8243; global_colors_info=&#8221;{}&#8221;][et_pb_row _builder_version=&#8221;4.16&#8243; background_size=&#8221;initial&#8221; background_position=&#8221;top_left&#8221; background_repeat=&#8221;repeat&#8221; hover_enabled=&#8221;0&#8243; global_colors_info=&#8221;{}&#8221; column_structure=&#8221;1_3,2_3&#8243; sticky_enabled=&#8221;0&#8243;][et_pb_column type=&#8221;1_3&#8243; _builder_version=&#8221;4.16&#8243; custom_padding=&#8221;|||&#8221; global_colors_info=&#8221;{}&#8221; custom_padding__hover=&#8221;|||&#8221;][et_pb_text admin_label=&#8221;Text&#8221; _builder_version=&#8221;4.16&#8243; background_size=&#8221;initial&#8221; background_position=&#8221;top_left&#8221; background_repeat=&#8221;repeat&#8221; global_colors_info=&#8221;{}&#8221;]<\/p>\n<h3>Gestore<\/h3>\n<p><strong>Trilogis srl<br \/><\/strong><span style=\"font-size: 16px;\">Via Brennero, 316<br \/><\/span><span style=\"font-size: 16px;\">38121 Trento (TN)<\/span><\/p>\n<p>tel +39 0461 1788032<br \/><span style=\"font-size: 16px;\">fax +39 0461 1788033<br \/><\/span><span style=\"font-size: 16px;\">info@trilogis.it<\/span><\/p>\n<p><strong>Rappresentante legale\u00a0<br \/><\/strong>arch. Gianni Rangoni<\/p>\n<p><strong>Partita I.V.A.\u00a0<br \/><\/strong>IT 01976920221<\/p>\n<p><strong>Responsabile contenuti\u00a0<br \/><\/strong><span style=\"font-size: 16px;\">arch. Gianni Rangoni<\/span><\/p>\n<p style=\"text-align: justify;\"><strong>Responsabilit\u00e0 Link esterni\u00a0<br \/><\/strong><span style=\"font-size: 16px;\">Nonostante l&#8217;accurato\u00a0controllo, non ci assumiamo alcuna \u00a0responsabilit\u00e0 per i contenuti dei link esterni; sono da ritenersi responsabili esclusivamente i relativi gestori.<\/span><\/p>\n<p>[\/et_pb_text][\/et_pb_column][et_pb_column type=&#8221;2_3&#8243; _builder_version=&#8221;4.16&#8243; custom_padding=&#8221;|||&#8221; global_colors_info=&#8221;{}&#8221; custom_padding__hover=&#8221;|||&#8221;][et_pb_text admin_label=&#8221;Text&#8221; _builder_version=&#8221;4.16&#8243; background_size=&#8221;initial&#8221; background_position=&#8221;top_left&#8221; background_repeat=&#8221;repeat&#8221; global_colors_info=&#8221;{}&#8221;]<\/p>\n<h3>Copyright<\/h3>\n<p style=\"text-align: justify;\">Trilogis Srl&nbsp;pu&ograve; modificare senza preavviso le informazioni contenute in questo sito; esse non costituiscono comunque impegno alcuno da parte di Trilogis srl.<\/p>\n<p style=\"text-align: justify;\">Sono riservati i diritti&nbsp; di riproduzione, di memorizzazione elettronica e di adattamento totale o parziale con qualsiasi mezzo, compresi i microfilm, stampe, CD, DVD, ecc.<\/p>\n<p style=\"text-align: justify;\">Su richiesta, trilogis srl&nbsp;pu&ograve; concedere l&#8217;autorizzazione a riprodurre anche in parte le presenti informazioni, secondo accordi da stabilirsi.<\/p>\n<p style=\"text-align: justify;\">L&#8217;utilizzo non autorizzato delle informazioni presenti nel sito e\/o l&#8217;utilizzo di programmi o altro materiale scaricato dal presente sito &egrave; da considerarsi a completo rischio e pericolo dell&#8217;utilizzatore; trilogis srl non si ritiene responsabile di danni a sistemi e\/o informazioni dell&#8217;utilizzatore.<\/p>\n<p>[\/et_pb_text][et_pb_divider show_divider=&#8221;off&#8221; disabled_on=&#8221;on|on|off&#8221; admin_label=&#8221;Divider&#8221; _builder_version=&#8221;4.16&#8243; height=&#8221;27px&#8221; global_colors_info=&#8221;{}&#8221;][\/et_pb_divider][et_pb_text admin_label=&#8221;Text&#8221; _builder_version=&#8221;4.16&#8243; background_size=&#8221;initial&#8221; background_position=&#8221;top_left&#8221; background_repeat=&#8221;repeat&#8221; global_colors_info=&#8221;{}&#8221;]<\/p>\n<h3>Loghi e Marchi<\/h3>\n<p style=\"text-align: justify;\">Tutti i loghi e i marchi presenti nel sito di trilogis srl sono registrati ed appartenenti alle rispettive societ&agrave;;&nbsp; sono usati a scopo editoriale ed a beneficio delle stesse.<\/p>\n<p>[\/et_pb_text][\/et_pb_column][\/et_pb_row][et_pb_row _builder_version=&#8221;4.16&#8243; background_size=&#8221;initial&#8221; background_position=&#8221;top_left&#8221; background_repeat=&#8221;repeat&#8221; global_colors_info=&#8221;{}&#8221;][et_pb_column type=&#8221;4_4&#8243; _builder_version=&#8221;4.16&#8243; custom_padding=&#8221;|||&#8221; global_colors_info=&#8221;{}&#8221; custom_padding__hover=&#8221;|||&#8221;][et_pb_divider show_divider=&#8221;off&#8221; disabled_on=&#8221;on|on|off&#8221; admin_label=&#8221;Divider&#8221; _builder_version=&#8221;4.16&#8243; height=&#8221;10px&#8221; global_colors_info=&#8221;{}&#8221;][\/et_pb_divider][et_pb_text admin_label=&#8221;Text&#8221; _builder_version=&#8221;4.16&#8243; background_size=&#8221;initial&#8221; background_position=&#8221;top_left&#8221; background_repeat=&#8221;repeat&#8221; global_colors_info=&#8221;{}&#8221;]<\/p>\n<h3>Informativa al trattamento dei dati forniti, art. 13 del Codice in materia di protezione dei dati personali<\/h3>\n<p>&nbsp;<\/p>\n<h4>Iscrizione alla mailing list<\/h4>\n<p style=\"text-align: justify;\">Utilizzeremo i dati personali da te forniti attraverso il\u00a0form di iscrizione alla mailing list, per inviarti mail informative e commerciali sulle nostre attivit\u00e0. L&#8217;iscrizione\u00a0alla nostra mailing list\u00a0\u00e8 facoltativa, pertanto inviandoci i tuoi dati accetti di ricevere le nostre mail, con cadenza settimanale\/mensile.\u00a0In nessun caso la tua mail verr\u00e0 diffusa a terzi, i tuoi dati sono al sicuro e verranno utilizzati per il solo invio delle nostre mail, nel rispetto dell&#8217;art. 7. Il titolare responsabile del trattamento dei tuoi dati personali \u00e8 Trilogis Srl, nella persona di Gianni Rangoni.<\/p>\n<p>&nbsp;<\/p>\n<h4>Informativa generale<\/h4>\n<p style=\"text-align: justify;\">Ai sensi dell&#8217;art. 13, Dlgs 30 giugno 2003 nr. 196, informiamo che la societ\u00e0 Trilogis Srl, Via Brennero n.316 &#8211; 38121 Trento (TN), Italia, tratta dati personali di visitatori del sito, clienti, fornitori e di soggetti che comunicano volontariamente (telefonicamente, via fax o via e-Mail) i loro dati anagrafici alla Trilogis Srl e di soggetti i cui dati sono stati raccolti presso terzi in occasione, ad esempio, di operazione di acquisizione di dati esterni per informazioni commerciali, elenchi pubblici ecc., nell\u2019ultimo caso trattasi esclusivamente di dati personali di natura comune.<\/p>\n<p style=\"text-align: justify;\">La nostra societ\u00e0 garantisce nell\u2019ambito delle previsioni normative che il trattamento dei dati personali si svolge nel rispetto dei diritti e delle libert\u00e0 fondamentali, nonch\u00e9 della dignit\u00e0 dell\u2019interessato, con particolare riferimento alla riservatezza, all\u2019identit\u00e0 personale e al diritto alla protezione dei dati personali.<\/p>\n<p>&nbsp;<\/p>\n<h4>Finalit\u00e0 del trattamento<\/h4>\n<ul>\n<li style=\"text-align: justify;\">adempiere agli obblighi di legge, dai regolamenti, dalla normativa comunitaria, da norme civilistiche e fiscali<\/li>\n<li style=\"text-align: justify;\">adempiere agli eventuali obblighi contrattuali nei confronti del interessato<\/li>\n<li style=\"text-align: justify;\">adempiere ad attivit\u00e0 connesse all\u2019attivit\u00e0 economica della nostra societ\u00e0, come compilazione delle anagrafiche e statistiche interne, per la fatturazione, la tenuta della contabilit\u00e0 clienti-fornitori<\/li>\n<li style=\"text-align: justify;\">finalit\u00e0 di tipo commerciale, come invio di informazioni commerciali e materiale pubblicitario (via posta, fax ed e-mail), di marketing e ricerche di mercato, ricerche di mercato, rilevazione della soddisfazione dei clienti ai fini statistici<\/li>\n<li style=\"text-align: justify;\">la tutela dei crediti e la gestione dei debiti<\/li>\n<li style=\"text-align: justify;\">finalit\u00e0 assicurative, in particolare per assicurazioni crediti<\/li>\n<\/ul>\n<p style=\"text-align: justify;\">In relazione alle finalit\u00e0 di cui sopra i Suoi dati personali, unicamente quelli di natura comune, verranno comunicati se necessario:<\/p>\n<ul style=\"text-align: justify;\">\n<li>alle Pubbliche Amministrazioni ed Autorit\u00e0, ove previsto dalla legge<\/li>\n<li>ad Istituti di credito con i quali la ns. ditta ha rapporti per la gestione dei crediti\/debiti e l\u2019intermediazione finanziaria<\/li>\n<li>a tutte quelle persone fisiche e\/o giuridiche, pubbliche e\/o private (studi di consulenza legale, amministrativa e fiscale, uffici giudiziari, Camere di Commercio ecc.), quando la comunicazione risulti necessaria o funzionale allo svolgimento della nostra attivit\u00e0 e nei modi e per le finalit\u00e0 sopra elencate.<\/li>\n<\/ul>\n<p style=\"text-align: justify;\">I dati personali trattati dalla nostra societ\u00e0 non sono soggetti a diffusione.<\/p>\n<p style=\"text-align: justify;\">Il trattamento potr\u00e0 effettuarsi con o senza l\u2019ausilio di mezzi elettronici e comunque automatizzati e comprender\u00e0 tutte le operazioni previste all\u2019art. 4 comma 1, lettera a, Dlgs 30 giugno 2003 nr. 196 e necessarie al trattamento in questione. Comunque il trattamento sar\u00e1 effettuato nell\u2019osservanza di ogni misura cautelativa, che ne garantisca la sicurezza e la riservatezza.<\/p>\n<p style=\"text-align: justify;\">ll Codice della Privacy conferisce agli interessati l\u2019esercizio di specifici diritti di cui all\u2019art. 7. In particolare pu\u00f3 ottenere dal titolare la conferma dell\u2019esistenza o meno di propri dati personali che lo riguardano e la loro comunicazione in forma intelligibile. L\u2019interessato pu\u00f3 altres\u00ed chiedere di conoscere l\u2019origine dei dati, le finalit\u00e1 e modalit\u00e0 del trattamento nonch\u00e9 la logica applicato in caso trattamento effettuato con l\u2019ausilio di strumenti elettronici, l\u2019identificazione degli estremi identificativi del titolare, dei responsabili nominati e dei soggetti e categorie di soggetti ai quali i dati possono essere comunicati o che possono venire a conoscenza.<\/p>\n<p style=\"text-align: justify;\">L\u2019interessato ha il diritto di ottenere l\u2019aggiornamento, la rettificazione, l\u2019integrazione, la cancellazione, la trasformazione in via anonima o il blocco dei dati trattati in violazione di legge. L\u2019interessato ha diritto di opporsi, in tutto o in parte, per motivi legittimi al trattamento dei dati personali che lo riguardano, ancorch\u00e9 pertinenti allo scopo della raccolta, e senza motivo al trattamento che lo riguarda a fini di invio di materiale pubblicitario o di vendita diretta o per il compimento di ricerche di mercato o di comunicazione commerciale.<\/p>\n<p>&nbsp;<\/p>\n<h4>Titolare del trattamento<\/h4>\n<p>I diritti in oggetto possono essere esercitati, anche per il tramite di un incaricato, mediante richiesta rivolta al titolare del trattamento<\/p>\n<p>Arch. Gianni Rangoni, Trilogis srl, Via Brennero, 316 Trento (TN), <a href=\"mailto:info@trilogis.it\">info@trilogis.it<\/a> con lettera raccomandata o e-mail<\/p>\n<p>[\/et_pb_text][\/et_pb_column][\/et_pb_row][\/et_pb_section]<\/p>\n","protected":false},"excerpt":{"rendered":"<p>Gestore Trilogis srlVia Brennero, 31638121 Trento (TN) tel +39 0461 1788032fax +39 0461 1788033info@trilogis.it Rappresentante legale\u00a0arch. Gianni Rangoni Partita I.V.A.\u00a0IT 01976920221 Responsabile contenuti\u00a0arch. Gianni Rangoni Responsabilit\u00e0 Link esterni\u00a0Nonostante l&#8217;accurato\u00a0controllo, non ci assumiamo alcuna \u00a0responsabilit\u00e0 per i contenuti dei link esterni; sono da ritenersi responsabili esclusivamente i relativi gestori.Copyright Trilogis Srl&nbsp;pu&ograve; modificare senza preavviso le informazioni [&hellip;]<\/p>\n","protected":false},"author":10,"featured_media":0,"parent":0,"menu_order":14,"comment_status":"closed","ping_status":"closed","template":"","meta":{"_et_pb_use_builder":"on","_et_pb_old_content":"<h3>\u00a0<\/h3><p>\u00a0<\/p>","_et_gb_content_width":""},"_links":{"self":[{"href":"https:\/\/www.trilogis.it\/index.php?rest_route=\/wp\/v2\/pages\/2661"}],"collection":[{"href":"https:\/\/www.trilogis.it\/index.php?rest_route=\/wp\/v2\/pages"}],"about":[{"href":"https:\/\/www.trilogis.it\/index.php?rest_route=\/wp\/v2\/types\/page"}],"author":[{"embeddable":true,"href":"https:\/\/www.trilogis.it\/index.php?rest_route=\/wp\/v2\/users\/10"}],"replies":[{"embeddable":true,"href":"https:\/\/www.trilogis.it\/index.php?rest_route=%2Fwp%2Fv2%2Fcomments&post=2661"}],"version-history":[{"count":2,"href":"https:\/\/www.trilogis.it\/index.php?rest_route=\/wp\/v2\/pages\/2661\/revisions"}],"predecessor-version":[{"id":27043,"href":"https:\/\/www.trilogis.it\/index.php?rest_route=\/wp\/v2\/pages\/2661\/revisions\/27043"}],"wp:attachment":[{"href":"https:\/\/www.trilogis.it\/index.php?rest_route=%2Fwp%2Fv2%2Fmedia&parent=2661"}],"curies":[{"name":"wp","href":"https:\/\/api.w.org\/{rel}","templated":true}]}}